{"id":229,"date":"2024-10-28T14:00:15","date_gmt":"2024-10-28T14:00:15","guid":{"rendered":"http:\/\/biopolimer.pl\/?page_id=229"},"modified":"2025-08-06T12:51:39","modified_gmt":"2025-08-06T12:51:39","slug":"polityka-prywatnosci","status":"publish","type":"page","link":"https:\/\/biopolimer.pl\/de\/polityka-prywatnosci\/","title":{"rendered":"Datenschutzbestimmungen"},"content":{"rendered":"<h3 class=\"wp-block-heading\">I. ALLGEMEINE BESTIMMUNGEN<\/h3>\n\n\n\n<blockquote class=\"wp-block-quote is-layout-flow wp-block-quote-is-layout-flow\">\n<ol class=\"wp-block-list\">\n<li>Der f\u00fcr die Verarbeitung der \u00fcber die Websites erhobenen personenbezogenen Daten Verantwortliche\u00a0<strong>www.biopolimer.pl<\/strong> ist\u00a0<strong>BIOPOLIMER.PL Sp. Z O.O.<\/strong>, eingetragene Adresse: ul. Twarda 3\/5, 95-100 Zgierz, eingetragen im Unternehmerregister unter KRS-Nr.: 0000822856, NIP: 7322198460, REGON: 38526486400000, mit einem Stammkapital von: 5000, E-Mail-Adresse: biopolimer@biopolimer.pl, nachstehend \"Verwalter\" genannt, der gleichzeitig der Dienstleister ist. Gesch\u00e4ftssitz: ul. Twarda 3\/5, 95-100 Zgierz, Zustellungsanschrift: ul. Twarda 3\/5, 95-100 Zgierz, NIP: 7322198460, REGON: 38526486400000, E-Mail-Adresse: biopolimer@biopolimer.pl, im Folgenden als \"Verwalter\" bezeichnet.<\/li>\n\n\n\n<li>Die vom Verwalter \u00fcber die Website erhobenen personenbezogenen Daten werden im Einklang mit der Verordnung (EU) 2016\/679 des Europ\u00e4ischen Parlaments und des Rates vom 27. April 2016 zum Schutz nat\u00fcrlicher Personen bei der Verarbeitung personenbezogener Daten, zum freien Datenverkehr und zur Aufhebung der Richtlinie 95\/46\/EG (Datenschutz-Grundverordnung), im Folgenden RODO genannt, und dem Datenschutzgesetz vom 10. Mai 2018 verarbeitet. <\/li>\n<\/ol>\n\n\n\n<h3 class=\"wp-block-heading\">II. ART DER VERARBEITETEN PERSONENBEZOGENEN DATEN, ZWECK UND UMFANG DER DATENERHEBUNG<\/h3>\n\n\n\n<ol class=\"wp-block-list\">\n<li><strong>ZWECK DER VERARBEITUNG UND RECHTSGRUNDLAGE.<\/strong>\u00a0Der f\u00fcr die Verarbeitung Verantwortliche verarbeitet personenbezogene Daten f\u00fcr<br>\u00fcber\u00a0<strong>www.biopolimer.pl<\/strong>\u00a0in dem Fall von:<br>(a) die Verwendung des Kontaktformulars durch den Nutzer. Die Verarbeitung personenbezogener Daten erfolgt auf der Grundlage von Artikel 6 Absatz 1 Buchstabe f) RODO als berechtigtes Interesse des Verwalters.<br><\/li>\n\n\n\n<li><strong>ART DER VERARBEITETEN PERSONENBEZOGENEN DATEN.\u00a0<\/strong><br>Der f\u00fcr die Verarbeitung Verantwortliche verarbeitet die folgenden Kategorien Ihrer personenbezogenen Daten:<br>(a) Name,<br>(b) E-Mail Adresse, <br>(c) Telefonnummer,<br><\/li>\n\n\n\n<li><strong>ARCHIVIERUNGSFRIST F\u00dcR PERSONENBEZOGENE DATEN.<\/strong><br>Die pers\u00f6nlichen Daten der Nutzer werden vom Administrator gespeichert: <br>(a) in F\u00e4llen, in denen die Verarbeitung auf der Erf\u00fcllung eines Vertrags beruht, so lange, wie es f\u00fcr die Erf\u00fcllung des Vertrags erforderlich ist, und danach f\u00fcr einen Zeitraum, der der Verj\u00e4hrungsfrist f\u00fcr Anspr\u00fcche entspricht. Sofern nicht ausdr\u00fccklich etwas anderes bestimmt ist, betr\u00e4gt die Verj\u00e4hrungsfrist sechs Jahre und bei Anspr\u00fcchen auf wiederkehrende Leistungen und bei Anspr\u00fcchen im Zusammenhang mit der Aus\u00fcbung einer Gesch\u00e4ftst\u00e4tigkeit drei Jahre<br>b) wenn die Verarbeitung auf einer Einwilligung beruht, so lange, wie die Einwilligung nicht widerrufen wird, und nach Widerruf der Einwilligung f\u00fcr einen Zeitraum, der der Verj\u00e4hrungsfrist f\u00fcr Anspr\u00fcche entspricht, die der Verwalter geltend machen kann und die gegen ihn geltend gemacht werden k\u00f6nnen. Sofern keine besondere Bestimmung vorliegt, betr\u00e4gt die Verj\u00e4hrungsfrist sechs Jahre, bei Anspr\u00fcchen auf wiederkehrende Leistungen und Anspr\u00fcchen im Zusammenhang mit der Aus\u00fcbung der Gesch\u00e4ftst\u00e4tigkeit drei Jahre.<br><\/li>\n\n\n\n<li>Bei der Nutzung der Website k\u00f6nnen zus\u00e4tzliche Informationen gesammelt werden, insbesondere:<br>(a) die Ihrem Computer zugewiesene IP-Adresse oder die externe IP-Adresse Ihres Internet-Providers, den Dom\u00e4nennamen<br>(b) Art des Browsers, Zugriffszeit, Art des Betriebssystems.<br><\/li>\n\n\n\n<li>Es k\u00f6nnen auch Navigationsdaten von den Nutzern erhoben werden, einschlie\u00dflich Informationen \u00fcber die Links und Verweise, die sie anklicken, oder andere Aktionen, die sie auf der Website ausf\u00fchren. Die Rechtsgrundlage f\u00fcr diese Aktivit\u00e4ten ist das berechtigte Interesse des Verwalters (Artikel 6 Absatz 1 Buchstabe f) RODO), die Nutzung der elektronisch angebotenen Dienste zu erleichtern und die Funktionalit\u00e4t dieser Dienste zu verbessern.<br><\/li>\n\n\n\n<li>Die Angabe von personenbezogenen Daten durch den Nutzer ist freiwillig.<br><\/li>\n\n\n\n<li>Personenbezogene Daten werden auch automatisiert in Form von Profiling verarbeitet, sofern Sie Ihre Einwilligung gem\u00e4\u00df Artikel 6 Absatz 1 Buchstabe a der DSGVO gegeben haben. Die Folge des Profilings ist die Zuordnung eines Profils zu einer Person, um Entscheidungen in Bezug auf diese Person zu treffen oder um ihre Vorlieben, ihr Verhalten und ihre Einstellungen zu analysieren oder vorherzusagen.<br><\/li>\n\n\n\n<li>Der f\u00fcr die Verarbeitung Verantwortliche achtet besonders auf den Schutz der Interessen der betroffenen Personen und stellt insbesondere sicher, dass die von ihm erhobenen Daten korrekt sind: <br>(a) rechtm\u00e4\u00dfig verarbeitet werden,<br>(b) f\u00fcr festgelegte, rechtm\u00e4\u00dfige Zwecke erhoben und nicht einer mit diesen Zwecken unvereinbaren Weiterverarbeitung unterzogen werden,<br>(c) im Wesentlichen richtig und den Zwecken angemessen sind, f\u00fcr die sie verarbeitet werden, und in einer Form aufbewahrt werden, die die Identifizierung der betroffenen Personen erm\u00f6glicht, und zwar nicht l\u00e4nger, als es f\u00fcr die Erreichung des Zwecks der Verarbeitung erforderlich ist.<\/li>\n<\/ol>\n\n\n\n<h3 class=\"wp-block-heading\">III. WEITERGABE VON PERSONENBEZOGENEN DATEN<\/h3>\n\n\n\n<ol class=\"wp-block-list\">\n<li>Ihre pers\u00f6nlichen Daten werden an die vom Verwalter eingesetzten Dienstleister weitergegeben<br>f\u00fcr den Betrieb der Website. Dienstleister, an die personenbezogene Daten \u00fcbermittelt werden,<br>je nach den vertraglichen Vereinbarungen und Umst\u00e4nden entweder den Weisungen des f\u00fcr die Verarbeitung Verantwortlichen hinsichtlich der Zwecke und Mittel der Verarbeitung dieser Daten unterliegen (Auftragsverarbeiter) oder die Zwecke und Mittel der Verarbeitung selbst bestimmen (f\u00fcr die Verarbeitung Verantwortliche).<\/li>\n\n\n\n<li>Ihre pers\u00f6nlichen Daten werden ausschlie\u00dflich im Europ\u00e4ischen Wirtschaftsraum (EWR) gespeichert.<\/li>\n<\/ol>\n\n\n\n<h3 class=\"wp-block-heading\">IV. RECHT AUF KONTROLLE, ZUGANG UND BERICHTIGUNG IHRER DATEN<\/h3>\n\n\n\n<ol class=\"wp-block-list\">\n<li>Die betroffene Person hat das Recht auf Auskunft \u00fcber den Inhalt ihrer personenbezogenen Daten und das Recht auf Berichtigung, L\u00f6schung, Einschr\u00e4nkung der Verarbeitung, das Recht auf Daten\u00fcbertragbarkeit, das Widerspruchsrecht und das Recht, die Einwilligung jederzeit zu widerrufen, ohne dass die Rechtm\u00e4\u00dfigkeit der aufgrund der Einwilligung vor deren Widerruf erfolgten Verarbeitung ber\u00fchrt wird.<br><\/li>\n\n\n\n<li>Rechtsgrundlage der Anfrage des Nutzers:<br>a) <strong>Zugang zu den Daten<\/strong>\u00a0- Artikel 15 RODO<br>b) <strong>Berichtigung von Daten<\/strong>\u00a0- Artikel 16 RODO<br>c) <strong>L\u00f6schung von Daten (sog. Recht auf Vergessenwerden)<\/strong>\u00a0- Artikel 17 RODO<br>d) <strong>Einschr\u00e4nkung der Verarbeitung<\/strong>\u00a0- Artikel 18 RODO<br>e) <strong>Daten\u00fcbertragung<\/strong>\u00a0- Artikel 20 RODO<br>f) <strong>Opposition<\/strong>\u00a0- Artikel 21 RODO<br>g) <strong>Entzug der Zustimmung<\/strong>\u00a0- Artikel 7 Absatz 3 RODO.<br><\/li>\n\n\n\n<li>Um die unter Punkt 2 genannten Rechte auszu\u00fcben, k\u00f6nnen Sie eine entsprechende E-Mail an folgende Adresse senden: biopolimer@biopolimer.pl.<br><\/li>\n\n\n\n<li>Stellt der Nutzer einen Antrag auf Erf\u00fcllung seiner Rechte aus den oben genannten Rechten, so kommt der Verwalter dem Antrag entweder nach oder lehnt ihn unverz\u00fcglich, sp\u00e4testens jedoch innerhalb eines Monats nach Eingang des Antrags ab. Ist der Verwalter jedoch aufgrund der Komplexit\u00e4t des Antrags oder der Anzahl der Antr\u00e4ge nicht in der Lage, dem Antrag innerhalb eines Monats nachzukommen, so kommt er dem Antrag innerhalb der folgenden zwei Monate nach, wobei er den Nutzer im Voraus innerhalb eines Monats nach Eingang des Antrags \u00fcber die beabsichtigte Fristverl\u00e4ngerung und die Gr\u00fcnde daf\u00fcr informiert.<br><\/li>\n\n\n\n<li>Wird festgestellt, dass die Verarbeitung personenbezogener Daten gegen die Bestimmungen der RODO verst\u00f6\u00dft, so hat die betroffene Person das Recht, eine Beschwerde beim Pr\u00e4sidenten der Datenschutzbeh\u00f6rde einzureichen.<\/li>\n<\/ol>\n\n\n\n<h3 class=\"wp-block-heading\">V. COOKIES<\/h3>\n\n\n\n<ol class=\"wp-block-list\">\n<li>Die Website des Verwalters verwendet \"Cookies\".<br><\/li>\n\n\n\n<li>Die Installation von Cookies ist f\u00fcr die korrekte Erbringung von Dienstleistungen auf der Website erforderlich. Cookies enthalten Informationen, die f\u00fcr das ordnungsgem\u00e4\u00dfe Funktionieren der Website erforderlich sind, und sie bieten auch die M\u00f6glichkeit, allgemeine Statistiken \u00fcber den Besuch der Website zu erstellen. <br><\/li>\n\n\n\n<li>Die Website verwendet verschiedene Arten von \"Cookies\":<br>a) \"Session\"-Cookies sind tempor\u00e4re Dateien, die auf dem Endger\u00e4t des Nutzers gespeichert werden, bis sich der Nutzer abmeldet (die Website verl\u00e4sst).<br><\/li>\n\n\n\n<li>Der Administrator verwendet seine eigenen Cookies, um besser zu verstehen, wie der Nutzer mit dem Inhalt der Website interagiert. Die Cookies sammeln Informationen \u00fcber die Nutzung der Website durch den Nutzer, die Art der Website, von der der Nutzer weitergeleitet wurde, sowie die Anzahl der Besuche und die Dauer des Besuchs des Nutzers auf der Website. Diese Informationen erfassen keine spezifischen personenbezogenen Daten des Nutzers, sondern dienen der Erstellung von Statistiken \u00fcber die Nutzung der Website.<br><\/li>\n\n\n\n<li>Der Nutzer hat das Recht, \u00fcber den Zugang von \"Cookies\" zu seinem Computer zu entscheiden, indem er sie im Voraus in seinem Browserfenster ausw\u00e4hlt. Detaillierte Informationen \u00fcber die M\u00f6glichkeit und den Umgang mit Cookies finden Sie in den Einstellungen Ihrer Software (Browser). <\/li>\n<\/ol>\n\n\n\n<h3 class=\"wp-block-heading\">VI. SCHLUSSBESTIMMUNGEN<\/h3>\n\n\n\n<ol class=\"wp-block-list\">\n<li>Der f\u00fcr die Verarbeitung Verantwortliche wendet technische und organisatorische Ma\u00dfnahmen an, um den Schutz der verarbeiteten personenbezogenen Daten zu gew\u00e4hrleisten, die den Risiken und den gesch\u00fctzten Datenkategorien angemessen sind, und insbesondere um die Daten vor dem Zugriff Unbefugter, vor der Entnahme durch Unbefugte, vor der Verarbeitung unter Verletzung der geltenden Vorschriften und vor der Ver\u00e4nderung, dem Verlust, der Besch\u00e4digung oder der Zerst\u00f6rung zu sch\u00fctzen.<br><\/li>\n\n\n\n<li>Der Verwalter stellt geeignete technische Ma\u00dfnahmen zur Verf\u00fcgung, um zu verhindern, dass Unbefugte personenbezogene Daten, die auf elektronischem Wege \u00fcbermittelt werden, erlangen oder ver\u00e4ndern k\u00f6nnen.<br><\/li>\n\n\n\n<li>In Angelegenheiten, die nicht von dieser Datenschutzrichtlinie abgedeckt werden, gelten die Bestimmungen der RODO und andere einschl\u00e4gige Bestimmungen des polnischen Rechts entsprechend.<\/li>\n<\/ol>\n<\/blockquote>","protected":false},"excerpt":{"rendered":"<p>I. ALLGEMEINE BESTIMMUNGEN<\/p>","protected":false},"author":1,"featured_media":0,"parent":0,"menu_order":0,"comment_status":"closed","ping_status":"closed","template":"","meta":{"_acf_changed":false,"footnotes":""},"class_list":["post-229","page","type-page","status-publish","hentry"],"acf":[],"_links":{"self":[{"href":"https:\/\/biopolimer.pl\/de\/wp-json\/wp\/v2\/pages\/229","targetHints":{"allow":["GET"]}}],"collection":[{"href":"https:\/\/biopolimer.pl\/de\/wp-json\/wp\/v2\/pages"}],"about":[{"href":"https:\/\/biopolimer.pl\/de\/wp-json\/wp\/v2\/types\/page"}],"author":[{"embeddable":true,"href":"https:\/\/biopolimer.pl\/de\/wp-json\/wp\/v2\/users\/1"}],"replies":[{"embeddable":true,"href":"https:\/\/biopolimer.pl\/de\/wp-json\/wp\/v2\/comments?post=229"}],"version-history":[{"count":2,"href":"https:\/\/biopolimer.pl\/de\/wp-json\/wp\/v2\/pages\/229\/revisions"}],"predecessor-version":[{"id":286,"href":"https:\/\/biopolimer.pl\/de\/wp-json\/wp\/v2\/pages\/229\/revisions\/286"}],"wp:attachment":[{"href":"https:\/\/biopolimer.pl\/de\/wp-json\/wp\/v2\/media?parent=229"}],"curies":[{"name":"wp","href":"https:\/\/api.w.org\/{rel}","templated":true}]}}